{"id":1386,"date":"2021-03-02T14:09:17","date_gmt":"2021-03-02T14:09:17","guid":{"rendered":"https:\/\/we-make.se\/?page_id=1386"},"modified":"2021-11-18T14:06:28","modified_gmt":"2021-11-18T14:06:28","slug":"smart-garderob","status":"publish","type":"page","link":"https:\/\/we-make.se\/en\/smart-garderob\/","title":{"rendered":"Smart Garderob"},"content":{"rendered":"<div data-elementor-type=\"wp-page\" data-elementor-id=\"1386\" class=\"elementor elementor-1386\" data-elementor-post-type=\"page\">\n\t\t\t\t\t\t<section class=\"elementor-section elementor-top-section elementor-element elementor-element-94fd849 elementor-section-boxed elementor-section-height-default elementor-section-height-default\" data-id=\"94fd849\" data-element_type=\"section\" data-e-type=\"section\" data-settings=\"{&quot;background_background&quot;:&quot;classic&quot;}\">\n\t\t\t\t\t\t<div class=\"elementor-container elementor-column-gap-default\">\n\t\t\t\t\t<div class=\"elementor-column elementor-col-100 elementor-top-column elementor-element elementor-element-94b58f2\" data-id=\"94b58f2\" data-element_type=\"column\" data-e-type=\"column\">\n\t\t\t<div class=\"elementor-widget-wrap elementor-element-populated\">\n\t\t\t\t\t\t<div class=\"elementor-element elementor-element-59b60e6 elementor-hidden-desktop elementor-widget elementor-widget-image\" data-id=\"59b60e6\" data-element_type=\"widget\" data-e-type=\"widget\" data-widget_type=\"image.default\">\n\t\t\t\t<div class=\"elementor-widget-container\">\n\t\t\t\t\t\t\t\t\t\t\t\t\t\t\t\t<a href=\"https:\/\/we-make.se\/en\/\">\n\t\t\t\t\t\t\t<img decoding=\"async\" width=\"300\" height=\"87\" src=\"https:\/\/media11.we-make.se\/2021\/02\/We-Make-Original-Logo-White-Small-300x87.png\" class=\"elementor-animation-grow attachment-medium size-medium wp-image-1311\" alt=\"\" srcset=\"http:\/\/media11.we-make.se\/2021\/02\/We-Make-Original-Logo-White-Small-300x87.png 300w, http:\/\/media11.we-make.se\/2021\/02\/We-Make-Original-Logo-White-Small-1024x298.png 1024w, http:\/\/media11.we-make.se\/2021\/02\/We-Make-Original-Logo-White-Small-768x224.png 768w, http:\/\/media11.we-make.se\/2021\/02\/We-Make-Original-Logo-White-Small-e1612174081750.png 200w\" sizes=\"(max-width: 300px) 100vw, 300px\" \/>\t\t\t\t\t\t\t\t<\/a>\n\t\t\t\t\t\t\t\t\t\t\t\t\t\t\t<\/div>\n\t\t\t\t<\/div>\n\t\t\t\t<div class=\"elementor-element elementor-element-da93b4d elementor-hidden-phone elementor-widget elementor-widget-image\" data-id=\"da93b4d\" data-element_type=\"widget\" data-e-type=\"widget\" data-settings=\"{&quot;motion_fx_motion_fx_mouse&quot;:&quot;yes&quot;}\" data-widget_type=\"image.default\">\n\t\t\t\t<div class=\"elementor-widget-container\">\n\t\t\t\t\t\t\t\t\t\t\t\t\t\t\t\t<a href=\"https:\/\/we-make.se\/en\/\">\n\t\t\t\t\t\t\t<img decoding=\"async\" width=\"300\" height=\"87\" src=\"https:\/\/media11.we-make.se\/2021\/02\/We-Make-Original-Logo-White-Small-300x87.png\" class=\"elementor-animation-grow attachment-medium size-medium wp-image-1311\" alt=\"\" srcset=\"http:\/\/media11.we-make.se\/2021\/02\/We-Make-Original-Logo-White-Small-300x87.png 300w, http:\/\/media11.we-make.se\/2021\/02\/We-Make-Original-Logo-White-Small-1024x298.png 1024w, http:\/\/media11.we-make.se\/2021\/02\/We-Make-Original-Logo-White-Small-768x224.png 768w, http:\/\/media11.we-make.se\/2021\/02\/We-Make-Original-Logo-White-Small-e1612174081750.png 200w\" sizes=\"(max-width: 300px) 100vw, 300px\" \/>\t\t\t\t\t\t\t\t<\/a>\n\t\t\t\t\t\t\t\t\t\t\t\t\t\t\t<\/div>\n\t\t\t\t<\/div>\n\t\t\t\t\t<\/div>\n\t\t<\/div>\n\t\t\t\t\t<\/div>\n\t\t<\/section>\n\t\t\t\t<section class=\"elementor-section elementor-top-section elementor-element elementor-element-4678912 elementor-section-full_width elementor-section-height-default elementor-section-height-default\" data-id=\"4678912\" data-element_type=\"section\" data-e-type=\"section\">\n\t\t\t\t\t\t<div class=\"elementor-container elementor-column-gap-default\">\n\t\t\t\t\t<div class=\"elementor-column elementor-col-100 elementor-top-column elementor-element elementor-element-f8a625f\" data-id=\"f8a625f\" data-element_type=\"column\" data-e-type=\"column\">\n\t\t\t<div class=\"elementor-widget-wrap elementor-element-populated\">\n\t\t\t\t\t\t<div class=\"elementor-element elementor-element-122cef4 elementor-widget elementor-widget-video\" data-id=\"122cef4\" data-element_type=\"widget\" data-e-type=\"widget\" data-settings=\"{&quot;video_type&quot;:&quot;hosted&quot;,&quot;autoplay&quot;:&quot;yes&quot;,&quot;play_on_mobile&quot;:&quot;yes&quot;,&quot;loop&quot;:&quot;yes&quot;,&quot;controls&quot;:&quot;yes&quot;}\" data-widget_type=\"video.default\">\n\t\t\t\t<div class=\"elementor-widget-container\">\n\t\t\t\t\t\t\t<div class=\"e-hosted-video elementor-wrapper elementor-open-inline\">\n\t\t\t\t\t<video class=\"elementor-video\" src=\"http:\/\/media11.we-make.se\/2021\/03\/Smart-Garderob-1080p.mp4\" autoplay=\"\" loop=\"\" controls=\"\" playsinline=\"\" controlslist=\"nodownload\"><\/video>\n\t\t\t\t<\/div>\n\t\t\t\t\t\t<\/div>\n\t\t\t\t<\/div>\n\t\t\t\t\t<\/div>\n\t\t<\/div>\n\t\t\t\t\t<\/div>\n\t\t<\/section>\n\t\t\t\t<section class=\"elementor-section elementor-top-section elementor-element elementor-element-d7b3212 elementor-section-boxed elementor-section-height-default elementor-section-height-default\" data-id=\"d7b3212\" data-element_type=\"section\" data-e-type=\"section\">\n\t\t\t\t\t\t<div class=\"elementor-container elementor-column-gap-wide\">\n\t\t\t\t\t<div class=\"elementor-column elementor-col-33 elementor-top-column elementor-element elementor-element-b9008bd\" data-id=\"b9008bd\" data-element_type=\"column\" data-e-type=\"column\" data-settings=\"{&quot;background_background&quot;:&quot;classic&quot;,&quot;background_motion_fx_motion_fx_mouse&quot;:&quot;yes&quot;,&quot;motion_fx_motion_fx_mouse&quot;:&quot;yes&quot;,&quot;motion_fx_tilt_effect&quot;:&quot;yes&quot;,&quot;motion_fx_tilt_speed&quot;:{&quot;unit&quot;:&quot;px&quot;,&quot;size&quot;:1,&quot;sizes&quot;:[]}}\">\n\t\t\t<div class=\"elementor-widget-wrap elementor-element-populated\">\n\t\t\t\t\t\t<div class=\"elementor-element elementor-element-0ed6a18 elementor-widget elementor-widget-heading\" data-id=\"0ed6a18\" data-element_type=\"widget\" data-e-type=\"widget\" data-widget_type=\"heading.default\">\n\t\t\t\t<div class=\"elementor-widget-container\">\n\t\t\t\t\t<h3 class=\"elementor-heading-title elementor-size-default\">\"The new wardrobe gives us completely new possibilities!\"<\/h3>\t\t\t\t<\/div>\n\t\t\t\t<\/div>\n\t\t\t\t<div class=\"elementor-element elementor-element-fc5af2e elementor-widget elementor-widget-text-editor\" data-id=\"fc5af2e\" data-element_type=\"widget\" data-e-type=\"widget\" data-widget_type=\"text-editor.default\">\n\t\t\t\t<div class=\"elementor-widget-container\">\n\t\t\t\t\t\t\t\t\t<p><strong>Hans Falkstr\u00e5le, Manager at Ume\u00e5 Community House<\/strong><\/p><p><em>- The idea with the new wardrobe was to be able to dispose of the space that the wardrobe occupies for other activities when it is not in use. Because you can freely choose which sections you want to use, you can have smaller closets for smaller events. The new wardrobe gives us completely new possibilities!<\/em><\/p>\t\t\t\t\t\t\t\t<\/div>\n\t\t\t\t<\/div>\n\t\t\t\t\t<\/div>\n\t\t<\/div>\n\t\t\t\t<div class=\"elementor-column elementor-col-33 elementor-top-column elementor-element elementor-element-4ae4724 elementor-invisible\" data-id=\"4ae4724\" data-element_type=\"column\" data-e-type=\"column\" data-settings=\"{&quot;background_background&quot;:&quot;classic&quot;,&quot;motion_fx_motion_fx_mouse&quot;:&quot;yes&quot;,&quot;motion_fx_tilt_effect&quot;:&quot;yes&quot;,&quot;motion_fx_tilt_speed&quot;:{&quot;unit&quot;:&quot;px&quot;,&quot;size&quot;:1,&quot;sizes&quot;:[]},&quot;animation&quot;:&quot;fadeIn&quot;}\">\n\t\t\t<div class=\"elementor-widget-wrap elementor-element-populated\">\n\t\t\t\t\t\t<div class=\"elementor-element elementor-element-844f7ee elementor-widget elementor-widget-image\" data-id=\"844f7ee\" data-element_type=\"widget\" data-e-type=\"widget\" data-widget_type=\"image.default\">\n\t\t\t\t<div class=\"elementor-widget-container\">\n\t\t\t\t\t\t\t\t\t\t\t\t\t\t\t<img fetchpriority=\"high\" decoding=\"async\" width=\"580\" height=\"326\" src=\"https:\/\/media11.we-make.se\/2021\/03\/Hans-Foaje-1024x576.png\" class=\"attachment-large size-large wp-image-1388\" alt=\"\" srcset=\"http:\/\/media11.we-make.se\/2021\/03\/Hans-Foaje-1024x576.png 1024w, http:\/\/media11.we-make.se\/2021\/03\/Hans-Foaje-300x169.png 300w, http:\/\/media11.we-make.se\/2021\/03\/Hans-Foaje-768x432.png 768w, http:\/\/media11.we-make.se\/2021\/03\/Hans-Foaje-1536x864.png 1536w, http:\/\/media11.we-make.se\/2021\/03\/Hans-Foaje-1200x675.png 1200w, http:\/\/media11.we-make.se\/2021\/03\/Hans-Foaje-e1614693525822.png 1080w\" sizes=\"(max-width: 580px) 100vw, 580px\" \/>\t\t\t\t\t\t\t\t\t\t\t\t\t\t\t<\/div>\n\t\t\t\t<\/div>\n\t\t\t\t<div class=\"elementor-element elementor-element-58f9f58 elementor-widget elementor-widget-button\" data-id=\"58f9f58\" data-element_type=\"widget\" data-e-type=\"widget\" data-widget_type=\"button.default\">\n\t\t\t\t<div class=\"elementor-widget-container\">\n\t\t\t\t\t\t\t\t\t<div class=\"elementor-button-wrapper\">\n\t\t\t\t\t<a class=\"elementor-button elementor-button-link elementor-size-sm elementor-animation-grow\" href=\"https:\/\/we-make.se\/en\/kontakt\/\">\n\t\t\t\t\t\t<span class=\"elementor-button-content-wrapper\">\n\t\t\t\t\t\t\t\t\t<span class=\"elementor-button-text\">Contact Us<\/span>\n\t\t\t\t\t<\/span>\n\t\t\t\t\t<\/a>\n\t\t\t\t<\/div>\n\t\t\t\t\t\t\t\t<\/div>\n\t\t\t\t<\/div>\n\t\t\t\t\t<\/div>\n\t\t<\/div>\n\t\t\t\t<div class=\"elementor-column elementor-col-33 elementor-top-column elementor-element elementor-element-e7aba4f elementor-invisible\" data-id=\"e7aba4f\" data-element_type=\"column\" data-e-type=\"column\" data-settings=\"{&quot;background_background&quot;:&quot;classic&quot;,&quot;motion_fx_motion_fx_mouse&quot;:&quot;yes&quot;,&quot;motion_fx_tilt_effect&quot;:&quot;yes&quot;,&quot;motion_fx_tilt_speed&quot;:{&quot;unit&quot;:&quot;px&quot;,&quot;size&quot;:1,&quot;sizes&quot;:[]},&quot;animation&quot;:&quot;fadeIn&quot;}\">\n\t\t\t<div class=\"elementor-widget-wrap elementor-element-populated\">\n\t\t\t\t\t\t<div class=\"elementor-element elementor-element-5be9020 elementor-widget elementor-widget-heading\" data-id=\"5be9020\" data-element_type=\"widget\" data-e-type=\"widget\" data-widget_type=\"heading.default\">\n\t\t\t\t<div class=\"elementor-widget-container\">\n\t\t\t\t\t<h2 class=\"elementor-heading-title elementor-size-default\">Tailored to match your requirements!<\/h2>\t\t\t\t<\/div>\n\t\t\t\t<\/div>\n\t\t\t\t<div class=\"elementor-element elementor-element-682de95 elementor-widget elementor-widget-text-editor\" data-id=\"682de95\" data-element_type=\"widget\" data-e-type=\"widget\" data-widget_type=\"text-editor.default\">\n\t\t\t\t<div class=\"elementor-widget-container\">\n\t\t\t\t\t\t\t\t\t<p>Of course, we can adapt designs and geometries to your specific wishes. CE marked, designed and dimensioned according to current regulations. Turn-key delivery, assembled and tested.<\/p><p>Contact us for more information and a quote.<\/p>\t\t\t\t\t\t\t\t<\/div>\n\t\t\t\t<\/div>\n\t\t\t\t\t<\/div>\n\t\t<\/div>\n\t\t\t\t\t<\/div>\n\t\t<\/section>\n\t\t\t\t<section class=\"elementor-section elementor-top-section elementor-element elementor-element-15a57bc elementor-section-boxed elementor-section-height-default elementor-section-height-default\" data-id=\"15a57bc\" data-element_type=\"section\" data-e-type=\"section\">\n\t\t\t\t\t\t<div class=\"elementor-container elementor-column-gap-default\">\n\t\t\t\t\t<div class=\"elementor-column elementor-col-100 elementor-top-column elementor-element elementor-element-de19b52\" data-id=\"de19b52\" data-element_type=\"column\" data-e-type=\"column\">\n\t\t\t<div class=\"elementor-widget-wrap elementor-element-populated\">\n\t\t\t\t\t\t<div class=\"elementor-element elementor-element-e01e6e6 elementor-arrows-position-inside elementor-pagination-position-outside elementor-widget elementor-widget-image-carousel\" data-id=\"e01e6e6\" data-element_type=\"widget\" data-e-type=\"widget\" data-settings=\"{&quot;slides_to_show&quot;:&quot;1&quot;,&quot;navigation&quot;:&quot;both&quot;,&quot;autoplay&quot;:&quot;yes&quot;,&quot;pause_on_hover&quot;:&quot;yes&quot;,&quot;pause_on_interaction&quot;:&quot;yes&quot;,&quot;autoplay_speed&quot;:5000,&quot;infinite&quot;:&quot;yes&quot;,&quot;effect&quot;:&quot;slide&quot;,&quot;speed&quot;:500}\" data-widget_type=\"image-carousel.default\">\n\t\t\t\t<div class=\"elementor-widget-container\">\n\t\t\t\t\t\t\t<div class=\"elementor-image-carousel-wrapper swiper\" role=\"region\" aria-roledescription=\"carousel\" aria-label=\"Image Carousel\" dir=\"ltr\" data-no-translation-aria-label=\"\">\n\t\t\t<div class=\"elementor-image-carousel swiper-wrapper\" aria-live=\"off\">\n\t\t\t\t\t\t\t\t<div class=\"swiper-slide\" role=\"group\" aria-roledescription=\"slide\" aria-label=\"1 of 3\" data-no-translation-aria-label=\"\"><figure class=\"swiper-slide-inner\"><img decoding=\"async\" class=\"swiper-slide-image\" src=\"https:\/\/media11.we-make.se\/2021\/06\/Varningsskylt.jpg\" alt=\"Varningsskylt\" \/><\/figure><\/div><div class=\"swiper-slide\" role=\"group\" aria-roledescription=\"slide\" aria-label=\"2 of 3\" data-no-translation-aria-label=\"\"><figure class=\"swiper-slide-inner\"><img decoding=\"async\" class=\"swiper-slide-image\" src=\"https:\/\/media11.we-make.se\/2021\/06\/Kontrollpanel.png\" alt=\"Kontrollpanel\" \/><\/figure><\/div><div class=\"swiper-slide\" role=\"group\" aria-roledescription=\"slide\" aria-label=\"3 of 3\" data-no-translation-aria-label=\"\"><figure class=\"swiper-slide-inner\"><img decoding=\"async\" class=\"swiper-slide-image\" src=\"https:\/\/media11.we-make.se\/2021\/06\/Idun-Garderob.png\" alt=\"Idun Garderob\" \/><\/figure><\/div>\t\t\t<\/div>\n\t\t\t\t\t\t\t\t\t\t\t\t<div class=\"elementor-swiper-button elementor-swiper-button-prev\" role=\"button\" tabindex=\"0\">\n\t\t\t\t\t\t<i aria-hidden=\"true\" class=\"eicon-chevron-left\"><\/i>\t\t\t\t\t<\/div>\n\t\t\t\t\t<div class=\"elementor-swiper-button elementor-swiper-button-next\" role=\"button\" tabindex=\"0\">\n\t\t\t\t\t\t<i aria-hidden=\"true\" class=\"eicon-chevron-right\"><\/i>\t\t\t\t\t<\/div>\n\t\t\t\t\n\t\t\t\t\t\t\t\t\t<div class=\"swiper-pagination\"><\/div>\n\t\t\t\t\t\t\t\t\t<\/div>\n\t\t\t\t\t\t<\/div>\n\t\t\t\t<\/div>\n\t\t\t\t\t<\/div>\n\t\t<\/div>\n\t\t\t\t\t<\/div>\n\t\t<\/section>\n\t\t\t\t<section class=\"elementor-section elementor-top-section elementor-element elementor-element-1b1f37f elementor-section-boxed elementor-section-height-default elementor-section-height-default\" data-id=\"1b1f37f\" data-element_type=\"section\" data-e-type=\"section\" data-settings=\"{&quot;background_background&quot;:&quot;classic&quot;}\">\n\t\t\t\t\t\t<div class=\"elementor-container elementor-column-gap-default\">\n\t\t\t\t\t<div class=\"elementor-column elementor-col-50 elementor-top-column elementor-element elementor-element-bc5cf8c\" data-id=\"bc5cf8c\" data-element_type=\"column\" data-e-type=\"column\">\n\t\t\t<div class=\"elementor-widget-wrap elementor-element-populated\">\n\t\t\t\t\t\t<div class=\"elementor-element elementor-element-60a4514 elementor-widget elementor-widget-text-editor\" data-id=\"60a4514\" data-element_type=\"widget\" data-e-type=\"widget\" data-widget_type=\"text-editor.default\">\n\t\t\t\t<div class=\"elementor-widget-container\">\n\t\t\t\t\t\t\t\t\t<div>We-Make can deliver a solution that will free up floor space completely tailored to suit your needs. Wardrobes, furniture groups, benches or other accessories can be easily and safely lifted from the floor and instead stored under the  ceiling. The possibilities are many to use your space to the maximum. The equipment is CE marked and tested before handover.<\/div><div>\u00a0<\/div>\t\t\t\t\t\t\t\t<\/div>\n\t\t\t\t<\/div>\n\t\t\t\t\t<\/div>\n\t\t<\/div>\n\t\t\t\t<div class=\"elementor-column elementor-col-50 elementor-top-column elementor-element elementor-element-79dbddb\" data-id=\"79dbddb\" data-element_type=\"column\" data-e-type=\"column\">\n\t\t\t<div class=\"elementor-widget-wrap elementor-element-populated\">\n\t\t\t\t\t\t<div class=\"elementor-element elementor-element-eba473a elementor-widget elementor-widget-image\" data-id=\"eba473a\" data-element_type=\"widget\" data-e-type=\"widget\" data-widget_type=\"image.default\">\n\t\t\t\t<div class=\"elementor-widget-container\">\n\t\t\t\t\t\t\t\t\t\t\t\t\t\t\t\t<a href=\"http:\/\/media11.we-make.se\/2021\/06\/Bruksanvisning-2020-08-13.pdf\">\n\t\t\t\t\t\t\t<img decoding=\"async\" width=\"212\" height=\"300\" src=\"https:\/\/media11.we-make.se\/2021\/06\/Framsida-212x300.png\" class=\"elementor-animation-grow attachment-medium size-medium wp-image-1603\" alt=\"\" srcset=\"http:\/\/media11.we-make.se\/2021\/06\/Framsida-212x300.png 212w, http:\/\/media11.we-make.se\/2021\/06\/Framsida-724x1024.png 724w, http:\/\/media11.we-make.se\/2021\/06\/Framsida-768x1086.png 768w, http:\/\/media11.we-make.se\/2021\/06\/Framsida-1086x1536.png 1086w, http:\/\/media11.we-make.se\/2021\/06\/Framsida-1448x2048.png 1448w, http:\/\/media11.we-make.se\/2021\/06\/Framsida-1200x1697.png 1200w, http:\/\/media11.we-make.se\/2021\/06\/Framsida-1980x2801.png 1980w\" sizes=\"(max-width: 212px) 100vw, 212px\" \/>\t\t\t\t\t\t\t\t<\/a>\n\t\t\t\t\t\t\t\t\t\t\t\t\t\t\t<\/div>\n\t\t\t\t<\/div>\n\t\t\t\t\t<\/div>\n\t\t<\/div>\n\t\t\t\t\t<\/div>\n\t\t<\/section>\n\t\t\t\t<\/div>","protected":false},"excerpt":{"rendered":"<p>http:\/\/media11.we-make.se\/2021\/03\/Smart-Garderob-1080p.mp4 &#8221;Den nya garderoben ger oss helt nya m\u00f6jligheter!&#8221; Hans Falkstr\u00e5le, Driftchef p\u00e5 Ume\u00e5 Folkets Hus. &#8211; Id\u00e9n med den nya garderoben var att kunna disponera utrymmet som garderoben ockuperar till annan verksamhet n\u00e4r den inte anv\u00e4nds. Eftersom man fritt kan v\u00e4lja vilka sektioner man vill hissa eller fira, kan man ha mindre garderober f\u00f6r [&hellip;]<\/p>\n","protected":false},"author":2,"featured_media":0,"parent":0,"menu_order":0,"comment_status":"closed","ping_status":"closed","template":"elementor_canvas","meta":{"_monsterinsights_skip_tracking":false,"_monsterinsights_sitenote_active":false,"_monsterinsights_sitenote_note":"","_monsterinsights_sitenote_category":0,"footnotes":""},"class_list":["post-1386","page","type-page","status-publish","hentry"],"_links":{"self":[{"href":"https:\/\/we-make.se\/en\/wp-json\/wp\/v2\/pages\/1386","targetHints":{"allow":["GET"]}}],"collection":[{"href":"https:\/\/we-make.se\/en\/wp-json\/wp\/v2\/pages"}],"about":[{"href":"https:\/\/we-make.se\/en\/wp-json\/wp\/v2\/types\/page"}],"author":[{"embeddable":true,"href":"https:\/\/we-make.se\/en\/wp-json\/wp\/v2\/users\/2"}],"replies":[{"embeddable":true,"href":"https:\/\/we-make.se\/en\/wp-json\/wp\/v2\/comments?post=1386"}],"version-history":[{"count":84,"href":"https:\/\/we-make.se\/en\/wp-json\/wp\/v2\/pages\/1386\/revisions"}],"predecessor-version":[{"id":1661,"href":"https:\/\/we-make.se\/en\/wp-json\/wp\/v2\/pages\/1386\/revisions\/1661"}],"wp:attachment":[{"href":"https:\/\/we-make.se\/en\/wp-json\/wp\/v2\/media?parent=1386"}],"curies":[{"name":"wp","href":"https:\/\/api.w.org\/{rel}","templated":true}]}}