{"id":2318,"date":"2026-04-30T13:05:43","date_gmt":"2026-04-30T13:05:43","guid":{"rendered":"https:\/\/we-make.se\/?page_id=2318"},"modified":"2026-04-30T13:58:07","modified_gmt":"2026-04-30T13:58:07","slug":"laserskarning","status":"publish","type":"page","link":"https:\/\/we-make.se\/en\/laserskarning\/","title":{"rendered":"Lasersk\u00e4rning"},"content":{"rendered":"<div data-elementor-type=\"wp-page\" data-elementor-id=\"2318\" class=\"elementor elementor-2318\" data-elementor-post-type=\"page\">\n\t\t\t\t\t\t<section class=\"elementor-section elementor-top-section elementor-element elementor-element-93d68f2 elementor-section-full_width elementor-section-stretched elementor-section-height-default elementor-section-height-default elementor-invisible\" data-id=\"93d68f2\" data-element_type=\"section\" data-e-type=\"section\" data-settings=\"{&quot;stretch_section&quot;:&quot;section-stretched&quot;,&quot;background_background&quot;:&quot;classic&quot;,&quot;animation&quot;:&quot;slideInDown&quot;}\">\n\t\t\t\t\t\t<div class=\"elementor-container elementor-column-gap-default\">\n\t\t\t\t\t<div class=\"elementor-column elementor-col-100 elementor-top-column elementor-element elementor-element-6ed8c9e\" data-id=\"6ed8c9e\" data-element_type=\"column\" data-e-type=\"column\">\n\t\t\t<div class=\"elementor-widget-wrap elementor-element-populated\">\n\t\t\t\t\t\t<div class=\"elementor-element elementor-element-5f3bcae elementor-widget elementor-widget-image\" data-id=\"5f3bcae\" data-element_type=\"widget\" data-e-type=\"widget\" data-widget_type=\"image.default\">\n\t\t\t\t<div class=\"elementor-widget-container\">\n\t\t\t\t\t\t\t\t\t\t\t\t\t\t\t\t<a href=\"http:\/\/we-make.se\/en\/hem\/\">\n\t\t\t\t\t\t\t<img decoding=\"async\" width=\"300\" height=\"86\" src=\"https:\/\/media11.we-make.se\/2021\/01\/We-Make-Home-Page-Logo-e1612169698307.png\" class=\"elementor-animation-grow attachment-full size-full wp-image-626\" alt=\"\" \/>\t\t\t\t\t\t\t\t<\/a>\n\t\t\t\t\t\t\t\t\t\t\t\t\t\t\t<\/div>\n\t\t\t\t<\/div>\n\t\t\t\t<div class=\"elementor-element elementor-element-65b86c8 elementor-widget elementor-widget-heading\" data-id=\"65b86c8\" data-element_type=\"widget\" data-e-type=\"widget\" data-widget_type=\"heading.default\">\n\t\t\t\t<div class=\"elementor-widget-container\">\n\t\t\t\t\t<h2 class=\"elementor-heading-title elementor-size-default\"><a href=\"https:\/\/we-make.se\/en\/laserskarning\/\">Lasersk\u00e4rning<\/a><\/h2>\t\t\t\t<\/div>\n\t\t\t\t<\/div>\n\t\t\t\t\t<\/div>\n\t\t<\/div>\n\t\t\t\t\t<\/div>\n\t\t<\/section>\n\t\t\t\t<section class=\"elementor-section elementor-top-section elementor-element elementor-element-4e62ef1 elementor-section-boxed elementor-section-height-default elementor-section-height-default\" data-id=\"4e62ef1\" data-element_type=\"section\" data-e-type=\"section\">\n\t\t\t\t\t\t<div class=\"elementor-container elementor-column-gap-default\">\n\t\t\t\t\t<div class=\"elementor-column elementor-col-100 elementor-top-column elementor-element elementor-element-cb0fe66\" data-id=\"cb0fe66\" data-element_type=\"column\" data-e-type=\"column\">\n\t\t\t<div class=\"elementor-widget-wrap elementor-element-populated\">\n\t\t\t\t\t\t<div class=\"elementor-element elementor-element-e7f58fd elementor-widget elementor-widget-text-editor\" data-id=\"e7f58fd\" data-element_type=\"widget\" data-e-type=\"widget\" data-widget_type=\"text-editor.default\">\n\t\t\t\t<div class=\"elementor-widget-container\">\n\t\t\t\t\t\t\t\t\t<p>We-Make har skaffat en sk\u00e4rmaskin som kan sk\u00e4ra de flesta olika material. Perfekt f\u00f6r skyltar, sm\u00e5 pl\u00e5tar, skivmaterial m.m. H\u00f6r av dig om du beh\u00f6ver n\u00e5got utskuret.<\/p>\t\t\t\t\t\t\t\t<\/div>\n\t\t\t\t<\/div>\n\t\t\t\t\t<\/div>\n\t\t<\/div>\n\t\t\t\t\t<\/div>\n\t\t<\/section>\n\t\t\t\t<section class=\"elementor-section elementor-top-section elementor-element elementor-element-ea9d42d elementor-section-boxed elementor-section-height-default elementor-section-height-default\" data-id=\"ea9d42d\" data-element_type=\"section\" data-e-type=\"section\">\n\t\t\t\t\t\t<div class=\"elementor-container elementor-column-gap-default\">\n\t\t\t\t\t<div class=\"elementor-column elementor-col-100 elementor-top-column elementor-element elementor-element-015dc26\" data-id=\"015dc26\" data-element_type=\"column\" data-e-type=\"column\">\n\t\t\t<div class=\"elementor-widget-wrap elementor-element-populated\">\n\t\t\t\t\t\t<div class=\"elementor-element elementor-element-5f4500d elementor-widget elementor-widget-image\" data-id=\"5f4500d\" data-element_type=\"widget\" data-e-type=\"widget\" data-widget_type=\"image.default\">\n\t\t\t\t<div class=\"elementor-widget-container\">\n\t\t\t\t\t\t\t\t\t\t\t\t\t\t\t<img fetchpriority=\"high\" decoding=\"async\" width=\"580\" height=\"410\" src=\"https:\/\/media11.we-make.se\/2026\/04\/Gweike-laser-web-1024x724.png\" class=\"attachment-large size-large wp-image-2335\" alt=\"\" srcset=\"http:\/\/media11.we-make.se\/2026\/04\/Gweike-laser-web-1024x724.png 1024w, http:\/\/media11.we-make.se\/2026\/04\/Gweike-laser-web-300x212.png 300w, http:\/\/media11.we-make.se\/2026\/04\/Gweike-laser-web-768x543.png 768w, http:\/\/media11.we-make.se\/2026\/04\/Gweike-laser-web-1536x1086.png 1536w, http:\/\/media11.we-make.se\/2026\/04\/Gweike-laser-web-2048x1448.png 2048w, http:\/\/media11.we-make.se\/2026\/04\/Gweike-laser-web-18x12.png 18w, http:\/\/media11.we-make.se\/2026\/04\/Gweike-laser-web-1200x848.png 1200w, http:\/\/media11.we-make.se\/2026\/04\/Gweike-laser-web-1980x1400.png 1980w\" sizes=\"(max-width: 580px) 100vw, 580px\" \/>\t\t\t\t\t\t\t\t\t\t\t\t\t\t\t<\/div>\n\t\t\t\t<\/div>\n\t\t\t\t\t<\/div>\n\t\t<\/div>\n\t\t\t\t\t<\/div>\n\t\t<\/section>\n\t\t\t\t<\/div>","protected":false},"excerpt":{"rendered":"<p>Lasersk\u00e4rning We-Make har skaffat en sk\u00e4rmaskin som kan sk\u00e4ra de flesta olika material. Perfekt f\u00f6r skyltar, sm\u00e5 pl\u00e5tar, skivmaterial m.m. H\u00f6r av dig om du beh\u00f6ver n\u00e5got utskuret.<\/p>","protected":false},"author":2,"featured_media":0,"parent":0,"menu_order":0,"comment_status":"closed","ping_status":"closed","template":"elementor_canvas","meta":{"_monsterinsights_skip_tracking":false,"_monsterinsights_sitenote_active":false,"_monsterinsights_sitenote_note":"","_monsterinsights_sitenote_category":0,"footnotes":""},"class_list":["post-2318","page","type-page","status-publish","hentry"],"_links":{"self":[{"href":"https:\/\/we-make.se\/en\/wp-json\/wp\/v2\/pages\/2318","targetHints":{"allow":["GET"]}}],"collection":[{"href":"https:\/\/we-make.se\/en\/wp-json\/wp\/v2\/pages"}],"about":[{"href":"https:\/\/we-make.se\/en\/wp-json\/wp\/v2\/types\/page"}],"author":[{"embeddable":true,"href":"https:\/\/we-make.se\/en\/wp-json\/wp\/v2\/users\/2"}],"replies":[{"embeddable":true,"href":"https:\/\/we-make.se\/en\/wp-json\/wp\/v2\/comments?post=2318"}],"version-history":[{"count":23,"href":"https:\/\/we-make.se\/en\/wp-json\/wp\/v2\/pages\/2318\/revisions"}],"predecessor-version":[{"id":2363,"href":"https:\/\/we-make.se\/en\/wp-json\/wp\/v2\/pages\/2318\/revisions\/2363"}],"wp:attachment":[{"href":"https:\/\/we-make.se\/en\/wp-json\/wp\/v2\/media?parent=2318"}],"curies":[{"name":"wp","href":"https:\/\/api.w.org\/{rel}","templated":true}]}}